{"id":737,"date":"2025-12-17T19:22:07","date_gmt":"2025-12-17T19:22:07","guid":{"rendered":"https:\/\/vakantiehoeve.galia.be\/?page_id=737"},"modified":"2025-12-17T19:40:36","modified_gmt":"2025-12-17T19:40:36","slug":"privacybeleid","status":"publish","type":"page","link":"https:\/\/vakantiehoeve-breathe-nature.be\/fr\/privacybeleid\/","title":{"rendered":"Politique de confidentialit\u00e9"},"content":{"rendered":"<div data-elementor-type=\"wp-page\" data-elementor-id=\"737\" class=\"elementor elementor-737\" data-elementor-post-type=\"page\">\n\t\t\t\t<div class=\"elementor-element elementor-element-115d4de e-con-full e-flex e-con e-parent\" data-id=\"115d4de\" data-element_type=\"container\" data-settings=\"{&quot;background_background&quot;:&quot;classic&quot;}\">\n\t\t<div class=\"elementor-element elementor-element-71e46d9 e-flex e-con-boxed e-con e-child\" data-id=\"71e46d9\" data-element_type=\"container\" data-settings=\"{&quot;background_background&quot;:&quot;classic&quot;}\">\n\t\t\t\t\t<div class=\"e-con-inner\">\n\t\t\t\t<div class=\"elementor-element elementor-element-a6be958 elementor-widget elementor-widget-heading\" data-id=\"a6be958\" data-element_type=\"widget\" data-widget_type=\"heading.default\">\n\t\t\t\t\t<h1 class=\"elementor-heading-title elementor-size-default\">Politique de confidentialit\u00e9<\/h1>\t\t\t\t<\/div>\n\t\t\t\t\t<\/div>\n\t\t\t\t<\/div>\n\t\t\t\t<\/div>\n\t\t<div class=\"elementor-element elementor-element-81220f4 e-flex e-con-boxed e-con e-parent\" data-id=\"81220f4\" data-element_type=\"container\">\n\t\t\t\t\t<div class=\"e-con-inner\">\n\t\t<div class=\"elementor-element elementor-element-8e2ed40 e-con-full e-flex e-con e-child\" data-id=\"8e2ed40\" data-element_type=\"container\">\n\t\t\t\t<div class=\"elementor-element elementor-element-741b3be elementor-widget elementor-widget-heading\" data-id=\"741b3be\" data-element_type=\"widget\" data-widget_type=\"heading.default\">\n\t\t\t\t\t<h3 class=\"elementor-heading-title elementor-size-default\">1. Qui sommes-nous ?<\/h3>\t\t\t\t<\/div>\n\t\t\t\t<div class=\"elementor-element elementor-element-9dea4c6 elementor-widget elementor-widget-text-editor\" data-id=\"9dea4c6\" data-element_type=\"widget\" data-widget_type=\"text-editor.default\">\n\t\t\t\t\t\t\t\t\t<p data-start=\"495\" data-end=\"527\">Ce site web est exploit\u00e9 par :<\/p><p data-start=\"529\" data-end=\"623\"><strong data-start=\"529\" data-end=\"574\">De Mol Frank - P\u00e9pini\u00e8re commerciale - Sp\u00e9cial<\/strong><br data-start=\"574\" data-end=\"577\" \/>Rue Old Field 90<br data-start=\"595\" data-end=\"598\" \/>9080 Lochristi<br data-start=\"612\" data-end=\"615\" \/>Belgique<\/p><p data-start=\"625\" data-end=\"735\">\ud83d\udcde +32 473 53 03 57<br data-start=\"644\" data-end=\"647\" \/>\u2709\ufe0f <a class=\"decorated-link cursor-pointer\" rel=\"noopener\" data-start=\"650\" data-end=\"688\">vakantiehoeve.breathe.nature@gmail.com<\/a><br data-start=\"688\" data-end=\"691\" \/>\ud83c\udf10 <a class=\"decorated-link\" href=\"https:\/\/vakantiehoeve-breathe-nature.be\/fr\/\" target=\"_new\" rel=\"noopener\" data-start=\"694\" data-end=\"733\">https:\/\/vakantiehoeve-breathe-nature.be<\/a><\/p><p data-start=\"737\" data-end=\"906\">Nous attachons une grande importance \u00e0 la protection de vos donn\u00e9es personnelles et les traitons conform\u00e9ment \u00e0 la <strong data-start=\"848\" data-end=\"905\">R\u00e8glement g\u00e9n\u00e9ral sur la protection des donn\u00e9es (AVG \/ GDPR)<\/strong>.<\/p>\t\t\t\t\t\t\t\t<\/div>\n\t\t\t\t<div class=\"elementor-element elementor-element-0071850 elementor-widget elementor-widget-heading\" data-id=\"0071850\" data-element_type=\"widget\" data-widget_type=\"heading.default\">\n\t\t\t\t\t<h3 class=\"elementor-heading-title elementor-size-default\">2. Quelles sont les donn\u00e9es \u00e0 caract\u00e8re personnel que nous collectons ?<\/h3>\t\t\t\t<\/div>\n\t\t\t\t<div class=\"elementor-element elementor-element-8586818 elementor-widget elementor-widget-text-editor\" data-id=\"8586818\" data-element_type=\"widget\" data-widget_type=\"text-editor.default\">\n\t\t\t\t\t\t\t\t\t<p data-start=\"959\" data-end=\"1087\">Nous pouvons traiter les donn\u00e9es personnelles suivantes lorsque vous utilisez notre site web, nous contactez ou demandez une r\u00e9servation :<\/p><ul data-start=\"1089\" data-end=\"1399\"><li data-start=\"1089\" data-end=\"1116\"><p data-start=\"1091\" data-end=\"1116\">Pr\u00e9nom et nom<\/p><\/li><li data-start=\"1117\" data-end=\"1132\"><p data-start=\"1119\" data-end=\"1132\">Adresse \u00e9lectronique<\/p><\/li><li data-start=\"1133\" data-end=\"1170\"><p data-start=\"1135\" data-end=\"1170\">Num\u00e9ro de t\u00e9l\u00e9phone (si indiqu\u00e9)<\/p><\/li><li data-start=\"1171\" data-end=\"1235\"><p data-start=\"1173\" data-end=\"1235\">Contenu des messages via le formulaire de contact ou de r\u00e9servation<\/p><\/li><li data-start=\"1236\" data-end=\"1327\"><p data-start=\"1238\" data-end=\"1327\">Donn\u00e9es relatives \u00e0 votre s\u00e9jour (dates d'arriv\u00e9e et de d\u00e9part, d\u00e9tails de la r\u00e9servation)<\/p><\/li><li data-start=\"1328\" data-end=\"1399\"><p data-start=\"1330\" data-end=\"1399\">Donn\u00e9es techniques telles que l'adresse IP et les informations relatives au navigateur (via les cookies)<\/p><\/li><\/ul><p data-start=\"1401\" data-end=\"1452\">Nous collectons <strong data-start=\"1416\" data-end=\"1451\">pas de donn\u00e9es personnelles sensibles<\/strong>.<\/p>\t\t\t\t\t\t\t\t<\/div>\n\t\t\t\t<div class=\"elementor-element elementor-element-f1a4ad4 elementor-widget elementor-widget-heading\" data-id=\"f1a4ad4\" data-element_type=\"widget\" data-widget_type=\"heading.default\">\n\t\t\t\t\t<h3 class=\"elementor-heading-title elementor-size-default\">3. Pourquoi traitons-nous ces donn\u00e9es ?<\/h3>\t\t\t\t<\/div>\n\t\t\t\t<div class=\"elementor-element elementor-element-ae1f2d1 elementor-widget elementor-widget-text-editor\" data-id=\"ae1f2d1\" data-element_type=\"widget\" data-widget_type=\"text-editor.default\">\n\t\t\t\t\t\t\t\t\t<p data-start=\"1502\" data-end=\"1576\">Nous traitons vos donn\u00e9es personnelles exclusivement aux fins suivantes :<\/p><ul data-start=\"1578\" data-end=\"1877\"><li data-start=\"1578\" data-end=\"1634\"><p data-start=\"1580\" data-end=\"1634\">R\u00e9pondre aux questions via le formulaire de contact<\/p><\/li><li data-start=\"1635\" data-end=\"1688\"><p data-start=\"1637\" data-end=\"1688\">Traitement et suivi des demandes de r\u00e9servation<\/p><\/li><li data-start=\"1689\" data-end=\"1768\"><p data-start=\"1691\" data-end=\"1768\">Envoi de confirmations, d'informations pratiques et d'instructions de paiement<\/p><\/li><li data-start=\"1769\" data-end=\"1822\"><p data-start=\"1771\" data-end=\"1822\">G\u00e9rer correctement les r\u00e9servations et les s\u00e9jours<\/p><\/li><li data-start=\"1823\" data-end=\"1877\"><p data-start=\"1825\" data-end=\"1877\">Am\u00e9liorer notre site web et nos services<\/p><\/li><\/ul><p data-start=\"1879\" data-end=\"1921\">Le traitement est toujours effectu\u00e9 sur la base de :<\/p><ul data-start=\"1922\" data-end=\"2045\"><li data-start=\"1922\" data-end=\"1950\"><p data-start=\"1924\" data-end=\"1950\">votre <strong data-start=\"1929\" data-end=\"1944\">autorisation<\/strong>, ou<\/p><\/li><li data-start=\"1951\" data-end=\"2010\"><p data-start=\"1953\" data-end=\"2010\">les <strong data-start=\"1956\" data-end=\"1991\">l'ex\u00e9cution d'un contrat<\/strong> (r\u00e9servation), ou<\/p><\/li><li data-start=\"2011\" data-end=\"2045\"><p data-start=\"2013\" data-end=\"2045\">a <strong data-start=\"2017\" data-end=\"2044\">obligation l\u00e9gale<\/strong>.<\/p><\/li><\/ul>\t\t\t\t\t\t\t\t<\/div>\n\t\t\t\t<div class=\"elementor-element elementor-element-0e60178 elementor-widget elementor-widget-heading\" data-id=\"0e60178\" data-element_type=\"widget\" data-widget_type=\"heading.default\">\n\t\t\t\t\t<h2 class=\"elementor-heading-title elementor-size-default\">4. Combien de temps conservons-nous vos donn\u00e9es ?<\/h2>\t\t\t\t<\/div>\n\t\t\t\t<div class=\"elementor-element elementor-element-e18a325 elementor-widget elementor-widget-text-editor\" data-id=\"e18a325\" data-element_type=\"widget\" data-widget_type=\"text-editor.default\">\n\t\t\t\t\t\t\t\t\t<p data-start=\"2093\" data-end=\"2194\">Nous conservons vos donn\u00e9es personnelles <strong data-start=\"2125\" data-end=\"2150\">pas plus longtemps que n\u00e9cessaire<\/strong> aux fins pour lesquelles elles ont \u00e9t\u00e9 collect\u00e9es :<\/p><ul data-start=\"2196\" data-end=\"2461\"><li data-start=\"2196\" data-end=\"2314\"><p data-start=\"2198\" data-end=\"2314\">Coordonn\u00e9es et r\u00e9servation : aussi longtemps que n\u00e9cessaire pour traiter votre demande et remplir les obligations administratives.<\/p><\/li><li data-start=\"2315\" data-end=\"2376\"><p data-start=\"2317\" data-end=\"2376\">Donn\u00e9es de facturation : conform\u00e9ment aux p\u00e9riodes de conservation l\u00e9gales<\/p><\/li><li data-start=\"2377\" data-end=\"2461\"><p data-start=\"2379\" data-end=\"2461\">Courriels et communications : tant qu'ils sont pertinents pour le suivi ou le service \u00e0 la client\u00e8le.<\/p><\/li><\/ul>\t\t\t\t\t\t\t\t<\/div>\n\t\t\t\t<div class=\"elementor-element elementor-element-e77a983 elementor-widget elementor-widget-heading\" data-id=\"e77a983\" data-element_type=\"widget\" data-widget_type=\"heading.default\">\n\t\t\t\t\t<h2 class=\"elementor-heading-title elementor-size-default\">5. Partageons-nous vos donn\u00e9es avec des tiers ?<\/h2>\t\t\t\t<\/div>\n\t\t\t\t<div class=\"elementor-element elementor-element-f99b3e8 elementor-widget elementor-widget-text-editor\" data-id=\"f99b3e8\" data-element_type=\"widget\" data-widget_type=\"text-editor.default\">\n\t\t\t\t\t\t\t\t\t<p data-start=\"2509\" data-end=\"2635\">Non.<br data-start=\"2513\" data-end=\"2516\" \/>Vos donn\u00e9es personnelles seront <strong data-start=\"2543\" data-end=\"2581\">pas de vente, de location ou de partage<\/strong> avec des tiers, sauf si cela est n\u00e9cessaire pour<\/p><ul data-start=\"2637\" data-end=\"2738\"><li data-start=\"2637\" data-end=\"2692\"><p data-start=\"2639\" data-end=\"2692\">l'ex\u00e9cution de la r\u00e9servation (par exemple, le trafic de courrier \u00e9lectronique)<\/p><\/li><li data-start=\"2693\" data-end=\"2738\"><p data-start=\"2695\" data-end=\"2738\">le respect des obligations l\u00e9gales<\/p><\/li><\/ul><p data-start=\"2740\" data-end=\"2859\">Notre site web peut faire appel \u00e0 des tiers de confiance (tels que des services d'h\u00e9bergement ou de courrier \u00e9lectronique) qui respectent le GDPR.<\/p>\t\t\t\t\t\t\t\t<\/div>\n\t\t\t\t<div class=\"elementor-element elementor-element-353e82c elementor-widget elementor-widget-heading\" data-id=\"353e82c\" data-element_type=\"widget\" data-widget_type=\"heading.default\">\n\t\t\t\t\t<h2 class=\"elementor-heading-title elementor-size-default\">6. Cookies<\/h2>\t\t\t\t<\/div>\n\t\t\t\t<div class=\"elementor-element elementor-element-d4ad2d8 elementor-widget elementor-widget-text-editor\" data-id=\"d4ad2d8\" data-element_type=\"widget\" data-widget_type=\"text-editor.default\">\n\t\t\t\t\t\t\t\t\t<p data-start=\"2881\" data-end=\"2973\">Notre site web peut utiliser des cookies pour am\u00e9liorer son fonctionnement et l'exp\u00e9rience de l'utilisateur.<\/p><ul data-start=\"2975\" data-end=\"3130\"><li data-start=\"2975\" data-end=\"3053\"><p data-start=\"2977\" data-end=\"3053\">Cookies fonctionnels : n\u00e9cessaires au bon fonctionnement du site web<\/p><\/li><li data-start=\"3054\" data-end=\"3130\"><p data-start=\"3056\" data-end=\"3130\">Cookies analytiques : pour comprendre l'utilisation du site web<\/p><\/li><\/ul><p data-start=\"3132\" data-end=\"3205\">Vous pouvez toujours g\u00e9rer ou d\u00e9sactiver les cookies via les param\u00e8tres de votre navigateur.<\/p>\t\t\t\t\t\t\t\t<\/div>\n\t\t\t\t<div class=\"elementor-element elementor-element-3752ed3 elementor-widget elementor-widget-heading\" data-id=\"3752ed3\" data-element_type=\"widget\" data-widget_type=\"heading.default\">\n\t\t\t\t\t<h2 class=\"elementor-heading-title elementor-size-default\">7. Vos droits<\/h2>\t\t\t\t<\/div>\n\t\t\t\t<div class=\"elementor-element elementor-element-f344163 elementor-widget elementor-widget-text-editor\" data-id=\"f344163\" data-element_type=\"widget\" data-widget_type=\"text-editor.default\">\n\t\t\t\t\t\t\t\t\t<p data-start=\"3232\" data-end=\"3260\">Vous en avez toujours le droit :<\/p><ul data-start=\"3262\" data-end=\"3486\"><li data-start=\"3262\" data-end=\"3296\"><p data-start=\"3264\" data-end=\"3296\">Consultation de vos donn\u00e9es personnelles<\/p><\/li><li data-start=\"3297\" data-end=\"3345\"><p data-start=\"3299\" data-end=\"3345\">Faire corriger ou compl\u00e9ter vos donn\u00e9es<\/p><\/li><li data-start=\"3346\" data-end=\"3382\"><p data-start=\"3348\" data-end=\"3382\">Faites effacer vos donn\u00e9es<\/p><\/li><li data-start=\"3383\" data-end=\"3412\"><p data-start=\"3385\" data-end=\"3412\">Limiter le traitement<\/p><\/li><li data-start=\"3413\" data-end=\"3453\"><p data-start=\"3415\" data-end=\"3453\">Objection au traitement<\/p><\/li><li data-start=\"3454\" data-end=\"3486\"><p data-start=\"3456\" data-end=\"3486\">Retrait du consentement<\/p><\/li><\/ul><p data-start=\"3488\" data-end=\"3568\">Vous pouvez nous contacter \u00e0 ce sujet \u00e0 l'adresse suivante<br data-start=\"3524\" data-end=\"3527\" \/>\u2709\ufe0f <a class=\"decorated-link cursor-pointer\" href=\"mailto:vakantiehoeve.breathe.nature@gmail.com\" rel=\"noopener\" data-start=\"3530\" data-end=\"3568\">vakantiehoeve.breathe.nature@gmail.com<\/a><\/p><p data-start=\"3570\" data-end=\"3733\">Si vous estimez que vos droits ne sont pas respect\u00e9s, vous pouvez \u00e9galement d\u00e9poser une plainte aupr\u00e8s de la <strong data-start=\"3658\" data-end=\"3692\">Autorit\u00e9 de protection des donn\u00e9es<\/strong> (<a class=\"decorated-link cursor-pointer\" target=\"_new\" rel=\"noopener\" data-start=\"3694\" data-end=\"3731\">www.gegevensbeschermingsautoriteit.be<\/a>).<\/p>\t\t\t\t\t\t\t\t<\/div>\n\t\t\t\t<div class=\"elementor-element elementor-element-a454f1e elementor-widget elementor-widget-heading\" data-id=\"a454f1e\" data-element_type=\"widget\" data-widget_type=\"heading.default\">\n\t\t\t\t\t<h2 class=\"elementor-heading-title elementor-size-default\">8. S\u00e9curit\u00e9 des donn\u00e9es<\/h2>\t\t\t\t<\/div>\n\t\t\t\t<div class=\"elementor-element elementor-element-ed0288e elementor-widget elementor-widget-text-editor\" data-id=\"ed0288e\" data-element_type=\"widget\" data-widget_type=\"text-editor.default\">\n\t\t\t\t\t\t\t\t\t<p>Nous prenons des mesures techniques et organisationnelles appropri\u00e9es pour prot\u00e9ger vos donn\u00e9es personnelles contre la perte, l'utilisation abusive ou l'acc\u00e8s non autoris\u00e9.<\/p>\t\t\t\t\t\t\t\t<\/div>\n\t\t\t\t<div class=\"elementor-element elementor-element-c420cec elementor-widget elementor-widget-heading\" data-id=\"c420cec\" data-element_type=\"widget\" data-widget_type=\"heading.default\">\n\t\t\t\t\t<h2 class=\"elementor-heading-title elementor-size-default\">9. Modifications de la pr\u00e9sente politique de confidentialit\u00e9<\/h2>\t\t\t\t<\/div>\n\t\t\t\t<div class=\"elementor-element elementor-element-a7b058c elementor-widget elementor-widget-text-editor\" data-id=\"a7b058c\" data-element_type=\"widget\" data-widget_type=\"text-editor.default\">\n\t\t\t\t\t\t\t\t\t<p>La pr\u00e9sente politique de confidentialit\u00e9 peut \u00eatre modifi\u00e9e si n\u00e9cessaire.<br data-start=\"4028\" data-end=\"4031\" \/>La derni\u00e8re version est toujours disponible sur ce site.<\/p>\t\t\t\t\t\t\t\t<\/div>\n\t\t\t\t<div class=\"elementor-element elementor-element-2a2dea8 elementor-widget elementor-widget-text-editor\" data-id=\"2a2dea8\" data-element_type=\"widget\" data-widget_type=\"text-editor.default\">\n\t\t\t\t\t\t\t\t\t<p><strong data-start=\"4100\" data-end=\"4119\">Derni\u00e8re mise \u00e0 jour :<\/strong> 17 d\u00e9cembre 2025<\/p>\t\t\t\t\t\t\t\t<\/div>\n\t\t\t\t<div class=\"elementor-element elementor-element-67e0a55 elementor-widget elementor-widget-spacer\" data-id=\"67e0a55\" data-element_type=\"widget\" data-widget_type=\"spacer.default\">\n\t\t\t\t\t\t\t<div class=\"elementor-spacer\">\n\t\t\t<div class=\"elementor-spacer-inner\"><\/div>\n\t\t<\/div>\n\t\t\t\t\t\t<\/div>\n\t\t\t\t<\/div>\n\t\t\t\t\t<\/div>\n\t\t\t\t<\/div>\n\t\t<div class=\"elementor-element elementor-element-1d0cc40 e-flex e-con-boxed e-con e-parent\" data-id=\"1d0cc40\" data-element_type=\"container\" data-settings=\"{&quot;background_background&quot;:&quot;classic&quot;}\">\n\t\t\t\t\t<div class=\"e-con-inner\">\n\t\t<div class=\"elementor-element elementor-element-e7df252 e-con-full e-flex e-con e-child\" data-id=\"e7df252\" data-element_type=\"container\">\n\t\t\t\t<div class=\"elementor-element elementor-element-d21c0a5 elementor-widget elementor-widget-heading\" data-id=\"d21c0a5\" data-element_type=\"widget\" data-widget_type=\"heading.default\">\n\t\t\t\t\t<h2 class=\"elementor-heading-title elementor-size-default\">Que vous veniez en famille ou entre amis : ici, le plaisir de vivre ensemble est essentiel.<\/h2>\t\t\t\t<\/div>\n\t\t\t\t<div class=\"elementor-element elementor-element-6b0faeb elementor-widget elementor-widget-text-editor\" data-id=\"6b0faeb\" data-element_type=\"widget\" data-widget_type=\"text-editor.default\">\n\t\t\t\t\t\t\t\t\t<p><i>- Ferme de vacances Breathe Nature -<\/i><\/p>\t\t\t\t\t\t\t\t<\/div>\n\t\t\t\t<\/div>\n\t\t\t\t\t<\/div>\n\t\t\t\t<\/div>\n\t\t\t\t<\/div>","protected":false},"excerpt":{"rendered":"<p>Privacybeleid 1. Wie zijn wij? Deze website wordt beheerd door: De Mol Frank \u2013 Handelskwekerij \u2013 SpecialeOude Veldstraat 909080 LochristiBelgi\u00eb \ud83d\udcde +32 473 53 03 57\u2709\ufe0f vakantiehoeve.breathe.nature@gmail.com\ud83c\udf10 https:\/\/vakantiehoeve-breathe-nature.be Wij hechten veel belang aan de bescherming van je persoonsgegevens en verwerken deze in overeenstemming met de Algemene Verordening Gegevensbescherming (AVG \/ GDPR). 2. Welke persoonsgegevens verzamelen [&hellip;]<\/p>","protected":false},"author":1,"featured_media":0,"parent":0,"menu_order":0,"comment_status":"closed","ping_status":"closed","template":"elementor_header_footer","meta":{"footnotes":""},"class_list":["post-737","page","type-page","status-publish","hentry"],"_links":{"self":[{"href":"https:\/\/vakantiehoeve-breathe-nature.be\/fr\/wp-json\/wp\/v2\/pages\/737","targetHints":{"allow":["GET"]}}],"collection":[{"href":"https:\/\/vakantiehoeve-breathe-nature.be\/fr\/wp-json\/wp\/v2\/pages"}],"about":[{"href":"https:\/\/vakantiehoeve-breathe-nature.be\/fr\/wp-json\/wp\/v2\/types\/page"}],"author":[{"embeddable":true,"href":"https:\/\/vakantiehoeve-breathe-nature.be\/fr\/wp-json\/wp\/v2\/users\/1"}],"replies":[{"embeddable":true,"href":"https:\/\/vakantiehoeve-breathe-nature.be\/fr\/wp-json\/wp\/v2\/comments?post=737"}],"version-history":[{"count":25,"href":"https:\/\/vakantiehoeve-breathe-nature.be\/fr\/wp-json\/wp\/v2\/pages\/737\/revisions"}],"predecessor-version":[{"id":774,"href":"https:\/\/vakantiehoeve-breathe-nature.be\/fr\/wp-json\/wp\/v2\/pages\/737\/revisions\/774"}],"wp:attachment":[{"href":"https:\/\/vakantiehoeve-breathe-nature.be\/fr\/wp-json\/wp\/v2\/media?parent=737"}],"curies":[{"name":"wp","href":"https:\/\/api.w.org\/{rel}","templated":true}]}}