{"id":830,"date":"2026-01-30T09:16:45","date_gmt":"2026-01-30T09:16:45","guid":{"rendered":"https:\/\/vakantiehoeve-breathe-nature.be\/?page_id=830"},"modified":"2026-02-20T17:35:25","modified_gmt":"2026-02-20T17:35:25","slug":"activiteiten","status":"publish","type":"page","link":"https:\/\/vakantiehoeve-breathe-nature.be\/de\/activiteiten\/","title":{"rendered":"Aktivit\u00e4ten"},"content":{"rendered":"<div data-elementor-type=\"wp-page\" data-elementor-id=\"830\" class=\"elementor elementor-830\" data-elementor-post-type=\"page\">\n\t\t\t\t<div class=\"elementor-element elementor-element-f9c8e8a e-con-full e-flex e-con e-parent\" data-id=\"f9c8e8a\" data-element_type=\"container\" data-settings=\"{&quot;background_background&quot;:&quot;classic&quot;}\">\n\t\t<div class=\"elementor-element elementor-element-ad27b03 e-flex e-con-boxed e-con e-child\" data-id=\"ad27b03\" data-element_type=\"container\" data-settings=\"{&quot;background_background&quot;:&quot;classic&quot;}\">\n\t\t\t\t\t<div class=\"e-con-inner\">\n\t\t\t\t<div class=\"elementor-element elementor-element-b43cbe2 elementor-widget elementor-widget-heading\" data-id=\"b43cbe2\" data-element_type=\"widget\" data-widget_type=\"heading.default\">\n\t\t\t\t\t<h1 class=\"elementor-heading-title elementor-size-default\">Aktivit\u00e4ten<\/h1>\t\t\t\t<\/div>\n\t\t\t\t\t<\/div>\n\t\t\t\t<\/div>\n\t\t\t\t<\/div>\n\t\t<div class=\"elementor-element elementor-element-ed964c1 e-flex e-con-boxed e-con e-parent\" data-id=\"ed964c1\" data-element_type=\"container\" data-settings=\"{&quot;background_background&quot;:&quot;classic&quot;}\">\n\t\t\t\t\t<div class=\"e-con-inner\">\n\t\t\t\t<div class=\"elementor-element elementor-element-9e2ef61 elementor-widget elementor-widget-spacer\" data-id=\"9e2ef61\" data-element_type=\"widget\" data-widget_type=\"spacer.default\">\n\t\t\t\t\t\t\t<div class=\"elementor-spacer\">\n\t\t\t<div class=\"elementor-spacer-inner\"><\/div>\n\t\t<\/div>\n\t\t\t\t\t\t<\/div>\n\t\t\t\t\t<\/div>\n\t\t\t\t<\/div>\n\t\t<div class=\"elementor-element elementor-element-8f58d4c e-flex e-con-boxed e-con e-parent\" data-id=\"8f58d4c\" data-element_type=\"container\" data-settings=\"{&quot;background_background&quot;:&quot;classic&quot;}\">\n\t\t\t\t\t<div class=\"e-con-inner\">\n\t\t<div class=\"elementor-element elementor-element-befd1a3 e-con-full e-flex e-con e-child\" data-id=\"befd1a3\" data-element_type=\"container\">\n\t\t\t\t<div class=\"elementor-element elementor-element-82178c3 elementor-widget elementor-widget-heading\" data-id=\"82178c3\" data-element_type=\"widget\" data-widget_type=\"heading.default\">\n\t\t\t\t\t<h2 class=\"elementor-heading-title elementor-size-default\">Aktivit\u00e4ten und Einrichtungen<br>in und um die Vakantiehoeve in Lochristi<\/h2>\t\t\t\t<\/div>\n\t\t\t\t<div class=\"elementor-element elementor-element-e0eae51 elementor-widget elementor-widget-spacer\" data-id=\"e0eae51\" data-element_type=\"widget\" data-widget_type=\"spacer.default\">\n\t\t\t\t\t\t\t<div class=\"elementor-spacer\">\n\t\t\t<div class=\"elementor-spacer-inner\"><\/div>\n\t\t<\/div>\n\t\t\t\t\t\t<\/div>\n\t\t\t\t<div class=\"elementor-element elementor-element-a7a66e1 elementor-widget elementor-widget-text-editor\" data-id=\"a7a66e1\" data-element_type=\"widget\" data-widget_type=\"text-editor.default\">\n\t\t\t\t\t\t\t\t\t<p>W\u00e4hrend Ihres Aufenthalts auf unserem Ferienhof in Lochristi werden Sie zahlreiche Einrichtungen, Entspannungsm\u00f6glichkeiten und Aktivit\u00e4ten genie\u00dfen. Sowohl auf dem Hof selbst als auch in der Umgebung finden Sie alles f\u00fcr einen erholsamen, aktiven oder geselligen Urlaub.<\/p>\t\t\t\t\t\t\t\t<\/div>\n\t\t\t\t<div class=\"elementor-element elementor-element-5bb7c94 elementor-widget elementor-widget-spacer\" data-id=\"5bb7c94\" data-element_type=\"widget\" data-widget_type=\"spacer.default\">\n\t\t\t\t\t\t\t<div class=\"elementor-spacer\">\n\t\t\t<div class=\"elementor-spacer-inner\"><\/div>\n\t\t<\/div>\n\t\t\t\t\t\t<\/div>\n\t\t\t\t<div class=\"elementor-element elementor-element-2758923 elementor-align-center elementor-widget elementor-widget-button\" data-id=\"2758923\" data-element_type=\"widget\" data-widget_type=\"button.default\">\n\t\t\t\t\t\t\t\t\t\t<a class=\"elementor-button elementor-button-link elementor-size-sm\" href=\"https:\/\/vakantiehoeve-breathe-nature.be\/de\/reserveren\/\">\n\t\t\t\t\t\t<span class=\"elementor-button-content-wrapper\">\n\t\t\t\t\t\t\t\t\t<span class=\"elementor-button-text\">Buchung<\/span>\n\t\t\t\t\t<\/span>\n\t\t\t\t\t<\/a>\n\t\t\t\t\t\t\t\t<\/div>\n\t\t\t\t<\/div>\n\t\t\t\t\t<\/div>\n\t\t\t\t<\/div>\n\t\t<div class=\"elementor-element elementor-element-b6f2f4a e-flex e-con-boxed e-con e-parent\" data-id=\"b6f2f4a\" data-element_type=\"container\" data-settings=\"{&quot;background_background&quot;:&quot;classic&quot;}\">\n\t\t\t\t\t<div class=\"e-con-inner\">\n\t\t\t\t<div class=\"elementor-element elementor-element-523b3ae elementor-widget elementor-widget-spacer\" data-id=\"523b3ae\" data-element_type=\"widget\" data-widget_type=\"spacer.default\">\n\t\t\t\t\t\t\t<div class=\"elementor-spacer\">\n\t\t\t<div class=\"elementor-spacer-inner\"><\/div>\n\t\t<\/div>\n\t\t\t\t\t\t<\/div>\n\t\t\t\t\t<\/div>\n\t\t\t\t<\/div>\n\t\t<div class=\"elementor-element elementor-element-f2abdbc e-flex e-con-boxed e-con e-parent\" data-id=\"f2abdbc\" data-element_type=\"container\">\n\t\t\t\t\t<div class=\"e-con-inner\">\n\t\t\t\t<div class=\"elementor-element elementor-element-cbedcf7 elementor-widget elementor-widget-spacer\" data-id=\"cbedcf7\" data-element_type=\"widget\" data-widget_type=\"spacer.default\">\n\t\t\t\t\t\t\t<div class=\"elementor-spacer\">\n\t\t\t<div class=\"elementor-spacer-inner\"><\/div>\n\t\t<\/div>\n\t\t\t\t\t\t<\/div>\n\t\t\t\t\t<\/div>\n\t\t\t\t<\/div>\n\t\t<div class=\"elementor-element elementor-element-c4d3817 e-flex e-con-boxed e-con e-parent\" data-id=\"c4d3817\" data-element_type=\"container\">\n\t\t\t\t\t<div class=\"e-con-inner\">\n\t\t<div class=\"elementor-element elementor-element-e1b0a8f e-con-full e-flex e-con e-child\" data-id=\"e1b0a8f\" data-element_type=\"container\" data-settings=\"{&quot;background_background&quot;:&quot;classic&quot;}\">\n\t\t\t\t<\/div>\n\t\t<div class=\"elementor-element elementor-element-cae35e8 e-con-full e-flex e-con e-child\" data-id=\"cae35e8\" data-element_type=\"container\">\n\t\t\t\t<div class=\"elementor-element elementor-element-ba0a212 elementor-widget elementor-widget-heading\" data-id=\"ba0a212\" data-element_type=\"widget\" data-widget_type=\"heading.default\">\n\t\t\t\t\t<h2 class=\"elementor-heading-title elementor-size-default\">St\u00e4dte, D\u00f6rfer und Annehmlichkeiten in der N\u00e4he.<\/h2>\t\t\t\t<\/div>\n\t\t\t\t<div class=\"elementor-element elementor-element-3de4710 elementor-widget elementor-widget-text-editor\" data-id=\"3de4710\" data-element_type=\"widget\" data-widget_type=\"text-editor.default\">\n\t\t\t\t\t\t\t\t\t<p>Entdecken Sie bezaubernde D\u00f6rfer, lebhafte St\u00e4dte und praktische Annehmlichkeiten in unmittelbarer N\u00e4he des Ferienhofs.<\/p><ul><li>Gent Stadtzentrum (10 km)<\/li><li>Lokeren Stadtzentrum (10 km)<\/li><li>Lochristi Zentrum (5 km)<\/li><li>Warme B\u00e4ckereien (2 km)<\/li><li>Brotbackautomat (100 m)<\/li><li>Friseurladen neben dem Ferienhof<\/li><\/ul>\t\t\t\t\t\t\t\t<\/div>\n\t\t\t\t<\/div>\n\t\t\t\t\t<\/div>\n\t\t\t\t<\/div>\n\t\t<div class=\"elementor-element elementor-element-ce84a5d e-flex e-con-boxed e-con e-parent\" data-id=\"ce84a5d\" data-element_type=\"container\">\n\t\t\t\t\t<div class=\"e-con-inner\">\n\t\t\t\t<div class=\"elementor-element elementor-element-cac1560 elementor-widget elementor-widget-spacer\" data-id=\"cac1560\" data-element_type=\"widget\" data-widget_type=\"spacer.default\">\n\t\t\t\t\t\t\t<div class=\"elementor-spacer\">\n\t\t\t<div class=\"elementor-spacer-inner\"><\/div>\n\t\t<\/div>\n\t\t\t\t\t\t<\/div>\n\t\t\t\t\t<\/div>\n\t\t\t\t<\/div>\n\t\t<div class=\"elementor-element elementor-element-9a0e866 e-flex e-con-boxed e-con e-parent\" data-id=\"9a0e866\" data-element_type=\"container\">\n\t\t\t\t\t<div class=\"e-con-inner\">\n\t\t<div class=\"elementor-element elementor-element-c663542 e-con-full e-flex e-con e-child\" data-id=\"c663542\" data-element_type=\"container\">\n\t\t\t\t<div class=\"elementor-element elementor-element-b440555 elementor-widget elementor-widget-heading\" data-id=\"b440555\" data-element_type=\"widget\" data-widget_type=\"heading.default\">\n\t\t\t\t\t<h2 class=\"elementor-heading-title elementor-size-default\">Bars, Kneipen und Restaurants <\/h2>\t\t\t\t<\/div>\n\t\t\t\t<div class=\"elementor-element elementor-element-65061da elementor-widget elementor-widget-text-editor\" data-id=\"65061da\" data-element_type=\"widget\" data-widget_type=\"text-editor.default\">\n\t\t\t\t\t\t\t\t\t<p>Genie\u00dfen Sie gem\u00fctliche Kneipen, belgische Biere und kulinarische Adressen in Lochristi und seiner Umgebung.<\/p><ul><li>Restaurant De Reinaert (Lochristi)<\/li><li>Caf\u00e9 Brouwershof (2 km)<\/li><li>Caf\u00e9 Picasso (5 km, Lochristi)<\/li><li>Caf\u00e9 De Kneut (5 km, Hijfte)<\/li><\/ul>\t\t\t\t\t\t\t\t<\/div>\n\t\t\t\t<\/div>\n\t\t<div class=\"elementor-element elementor-element-4638bab e-con-full e-flex e-con e-child\" data-id=\"4638bab\" data-element_type=\"container\" data-settings=\"{&quot;background_background&quot;:&quot;classic&quot;}\">\n\t\t\t\t<\/div>\n\t\t\t\t\t<\/div>\n\t\t\t\t<\/div>\n\t\t<div class=\"elementor-element elementor-element-241fe8d e-flex e-con-boxed e-con e-parent\" data-id=\"241fe8d\" data-element_type=\"container\">\n\t\t\t\t\t<div class=\"e-con-inner\">\n\t\t\t\t<div class=\"elementor-element elementor-element-abf8448 elementor-widget elementor-widget-spacer\" data-id=\"abf8448\" data-element_type=\"widget\" data-widget_type=\"spacer.default\">\n\t\t\t\t\t\t\t<div class=\"elementor-spacer\">\n\t\t\t<div class=\"elementor-spacer-inner\"><\/div>\n\t\t<\/div>\n\t\t\t\t\t\t<\/div>\n\t\t\t\t\t<\/div>\n\t\t\t\t<\/div>\n\t\t<div class=\"elementor-element elementor-element-ad80645 e-flex e-con-boxed e-con e-parent\" data-id=\"ad80645\" data-element_type=\"container\">\n\t\t\t\t\t<div class=\"e-con-inner\">\n\t\t<div class=\"elementor-element elementor-element-5f18f82 e-con-full e-flex e-con e-child\" data-id=\"5f18f82\" data-element_type=\"container\" data-settings=\"{&quot;background_background&quot;:&quot;classic&quot;}\">\n\t\t\t\t<\/div>\n\t\t<div class=\"elementor-element elementor-element-409698e e-con-full e-flex e-con e-child\" data-id=\"409698e\" data-element_type=\"container\">\n\t\t\t\t<div class=\"elementor-element elementor-element-f32cd7d elementor-widget elementor-widget-heading\" data-id=\"f32cd7d\" data-element_type=\"widget\" data-widget_type=\"heading.default\">\n\t\t\t\t\t<h2 class=\"elementor-heading-title elementor-size-default\">Radfahren, Wandern und Mountainbiking<\/h2>\t\t\t\t<\/div>\n\t\t\t\t<div class=\"elementor-element elementor-element-6e206e4 elementor-widget elementor-widget-text-editor\" data-id=\"6e206e4\" data-element_type=\"widget\" data-widget_type=\"text-editor.default\">\n\t\t\t\t\t\t\t\t\t<p>Erkunden Sie die gr\u00fcne Umgebung auf markierten Wegen und genie\u00dfen Sie die Natur, die Ruhe und die offene Landschaft.<\/p><ul><li>Wanderungen \u00fcber QR-Code<span style=\"background-color: transparent\"><br \/><\/span><\/li><li><span style=\"background-color: transparent\">Fahrradtouren \u00fcber QR-Code<\/span><\/li><li>Mountainbike-Strecken \u00fcber QR-Code<\/li><\/ul>\t\t\t\t\t\t\t\t<\/div>\n\t\t\t\t<\/div>\n\t\t\t\t\t<\/div>\n\t\t\t\t<\/div>\n\t\t<div class=\"elementor-element elementor-element-e5d05cd e-flex e-con-boxed e-con e-parent\" data-id=\"e5d05cd\" data-element_type=\"container\">\n\t\t\t\t\t<div class=\"e-con-inner\">\n\t\t\t\t<div class=\"elementor-element elementor-element-80b74bb elementor-widget elementor-widget-spacer\" data-id=\"80b74bb\" data-element_type=\"widget\" data-widget_type=\"spacer.default\">\n\t\t\t\t\t\t\t<div class=\"elementor-spacer\">\n\t\t\t<div class=\"elementor-spacer-inner\"><\/div>\n\t\t<\/div>\n\t\t\t\t\t\t<\/div>\n\t\t\t\t\t<\/div>\n\t\t\t\t<\/div>\n\t\t<div class=\"elementor-element elementor-element-bde5530 e-flex e-con-boxed e-con e-parent\" data-id=\"bde5530\" data-element_type=\"container\">\n\t\t\t\t\t<div class=\"e-con-inner\">\n\t\t<div class=\"elementor-element elementor-element-fb1a453 e-con-full e-flex e-con e-child\" data-id=\"fb1a453\" data-element_type=\"container\">\n\t\t\t\t<div class=\"elementor-element elementor-element-a1feb77 elementor-widget elementor-widget-heading\" data-id=\"a1feb77\" data-element_type=\"widget\" data-widget_type=\"heading.default\">\n\t\t\t\t\t<h2 class=\"elementor-heading-title elementor-size-default\">Unterhaltsame Aktivit\u00e4ten auf dem Bauernhof<\/h2>\t\t\t\t<\/div>\n\t\t\t\t<div class=\"elementor-element elementor-element-7baffe7 elementor-widget elementor-widget-text-editor\" data-id=\"7baffe7\" data-element_type=\"widget\" data-widget_type=\"text-editor.default\">\n\t\t\t\t\t\t\t\t\t<p>Entspannen Sie sich drinnen bei einer Vielzahl von Spielen und Unterhaltungsangeboten f\u00fcr Jung und Alt.<\/p><ul><li>Darts mit Lichtern (Winmau)<\/li><li>Brettspiele<\/li><li>Billard \/ Tapiard<\/li><li>Klasse f\u00fcr Kinder<\/li><li>Mini-Fu\u00dfballplatz<\/li><li>Tischtennisplatte<\/li><li>Pietjesbak<\/li><li>Schachbrett mit Stechuhr<\/li><li>Uno-Kartenspiel<\/li><li>Yogamatte<\/li><\/ul>\t\t\t\t\t\t\t\t<\/div>\n\t\t\t\t<\/div>\n\t\t<div class=\"elementor-element elementor-element-9b88b4f e-con-full e-flex e-con e-child\" data-id=\"9b88b4f\" data-element_type=\"container\" data-settings=\"{&quot;background_background&quot;:&quot;classic&quot;}\">\n\t\t\t\t<\/div>\n\t\t\t\t\t<\/div>\n\t\t\t\t<\/div>\n\t\t<div class=\"elementor-element elementor-element-9842e62 e-flex e-con-boxed e-con e-parent\" data-id=\"9842e62\" data-element_type=\"container\">\n\t\t\t\t\t<div class=\"e-con-inner\">\n\t\t\t\t<div class=\"elementor-element elementor-element-6b6b012 elementor-widget elementor-widget-spacer\" data-id=\"6b6b012\" data-element_type=\"widget\" data-widget_type=\"spacer.default\">\n\t\t\t\t\t\t\t<div class=\"elementor-spacer\">\n\t\t\t<div class=\"elementor-spacer-inner\"><\/div>\n\t\t<\/div>\n\t\t\t\t\t\t<\/div>\n\t\t\t\t\t<\/div>\n\t\t\t\t<\/div>\n\t\t<div class=\"elementor-element elementor-element-99ba82c e-flex e-con-boxed e-con e-parent\" data-id=\"99ba82c\" data-element_type=\"container\">\n\t\t\t\t\t<div class=\"e-con-inner\">\n\t\t<div class=\"elementor-element elementor-element-22276d1 e-con-full e-flex e-con e-child\" data-id=\"22276d1\" data-element_type=\"container\" data-settings=\"{&quot;background_background&quot;:&quot;classic&quot;}\">\n\t\t\t\t<\/div>\n\t\t<div class=\"elementor-element elementor-element-996f562 e-con-full e-flex e-con e-child\" data-id=\"996f562\" data-element_type=\"container\">\n\t\t\t\t<div class=\"elementor-element elementor-element-e4341c9 elementor-widget elementor-widget-heading\" data-id=\"e4341c9\" data-element_type=\"widget\" data-widget_type=\"heading.default\">\n\t\t\t\t\t<h2 class=\"elementor-heading-title elementor-size-default\">Ruhe &amp; Natur im Garten und auf der Terrasse<\/h2>\t\t\t\t<\/div>\n\t\t\t\t<div class=\"elementor-element elementor-element-1e229f6 elementor-widget elementor-widget-text-editor\" data-id=\"1e229f6\" data-element_type=\"widget\" data-widget_type=\"text-editor.default\">\n\t\t\t\t\t\t\t\t\t<p>Entspannen Sie sich im Garten und auf der Terrasse, umgeben von Natur und Tieren.<\/p><ul><li>US-Armee Jeep Willy<\/li><li>Nat\u00fcrlicher Morus alba als Terrassen\u00fcberdachung<\/li><li>Ofyr-Grill<\/li><li>Terrasse mit Blick auf die Esel<\/li><li>Feuerkorb und Holz vorhanden<\/li><li>Liegest\u00fchle aus Holz<\/li><\/ul>\t\t\t\t\t\t\t\t<\/div>\n\t\t\t\t<\/div>\n\t\t\t\t\t<\/div>\n\t\t\t\t<\/div>\n\t\t<div class=\"elementor-element elementor-element-3c6a44e e-flex e-con-boxed e-con e-parent\" data-id=\"3c6a44e\" data-element_type=\"container\">\n\t\t\t\t\t<div class=\"e-con-inner\">\n\t\t\t\t<div class=\"elementor-element elementor-element-6a8aac6 elementor-widget elementor-widget-spacer\" data-id=\"6a8aac6\" data-element_type=\"widget\" data-widget_type=\"spacer.default\">\n\t\t\t\t\t\t\t<div class=\"elementor-spacer\">\n\t\t\t<div class=\"elementor-spacer-inner\"><\/div>\n\t\t<\/div>\n\t\t\t\t\t\t<\/div>\n\t\t\t\t\t<\/div>\n\t\t\t\t<\/div>\n\t\t<div class=\"elementor-element elementor-element-699c05c e-flex e-con-boxed e-con e-parent\" data-id=\"699c05c\" data-element_type=\"container\">\n\t\t\t\t\t<div class=\"e-con-inner\">\n\t\t<div class=\"elementor-element elementor-element-dec0ade e-con-full e-flex e-con e-child\" data-id=\"dec0ade\" data-element_type=\"container\">\n\t\t\t\t<div class=\"elementor-element elementor-element-299f9d0 elementor-widget elementor-widget-heading\" data-id=\"299f9d0\" data-element_type=\"widget\" data-widget_type=\"heading.default\">\n\t\t\t\t\t<h2 class=\"elementor-heading-title elementor-size-default\">Extras in der Umgebung<\/h2>\t\t\t\t<\/div>\n\t\t\t\t<div class=\"elementor-element elementor-element-c5d127b elementor-widget elementor-widget-text-editor\" data-id=\"c5d127b\" data-element_type=\"widget\" data-widget_type=\"text-editor.default\">\n\t\t\t\t\t\t\t\t\t<ul><li>Petangue-Pfad im Dolomit<\/li><li>Firmenbesuch exotischer H\u00e4ngepflanzen.<\/li><\/ul>\t\t\t\t\t\t\t\t<\/div>\n\t\t\t\t<\/div>\n\t\t<div class=\"elementor-element elementor-element-36feeb7 e-con-full e-flex e-con e-child\" data-id=\"36feeb7\" data-element_type=\"container\" data-settings=\"{&quot;background_background&quot;:&quot;classic&quot;}\">\n\t\t\t\t<\/div>\n\t\t\t\t\t<\/div>\n\t\t\t\t<\/div>\n\t\t<div class=\"elementor-element elementor-element-afad4d2 e-flex e-con-boxed e-con e-parent\" data-id=\"afad4d2\" data-element_type=\"container\">\n\t\t\t\t\t<div class=\"e-con-inner\">\n\t\t\t\t<div class=\"elementor-element elementor-element-475a451 elementor-widget elementor-widget-spacer\" data-id=\"475a451\" data-element_type=\"widget\" data-widget_type=\"spacer.default\">\n\t\t\t\t\t\t\t<div class=\"elementor-spacer\">\n\t\t\t<div class=\"elementor-spacer-inner\"><\/div>\n\t\t<\/div>\n\t\t\t\t\t\t<\/div>\n\t\t\t\t\t<\/div>\n\t\t\t\t<\/div>\n\t\t<div class=\"elementor-element elementor-element-3e6e557 e-flex e-con-boxed e-con e-parent\" data-id=\"3e6e557\" data-element_type=\"container\" data-settings=\"{&quot;background_background&quot;:&quot;classic&quot;}\">\n\t\t\t\t\t<div class=\"e-con-inner\">\n\t\t\t\t<div class=\"elementor-element elementor-element-e120068 elementor-widget elementor-widget-spacer\" data-id=\"e120068\" data-element_type=\"widget\" data-widget_type=\"spacer.default\">\n\t\t\t\t\t\t\t<div class=\"elementor-spacer\">\n\t\t\t<div class=\"elementor-spacer-inner\"><\/div>\n\t\t<\/div>\n\t\t\t\t\t\t<\/div>\n\t\t\t\t<div class=\"elementor-element elementor-element-8c83b02 elementor-widget elementor-widget-heading\" data-id=\"8c83b02\" data-element_type=\"widget\" data-widget_type=\"heading.default\">\n\t\t\t\t\t<h2 class=\"elementor-heading-title elementor-size-default\">Erleben Sie einen einzigartigen Aufenthalt in Lochristi<\/h2>\t\t\t\t<\/div>\n\t\t\t\t<div class=\"elementor-element elementor-element-a261a8a elementor-widget elementor-widget-text-editor\" data-id=\"a261a8a\" data-element_type=\"widget\" data-widget_type=\"text-editor.default\">\n\t\t\t\t\t\t\t\t\t<p>Entdecken Sie Ruhe, Natur, Gem\u00fctlichkeit und Aktivit\u00e4ten an einem Ort.<\/p>\t\t\t\t\t\t\t\t<\/div>\n\t\t\t\t<div class=\"elementor-element elementor-element-51169d8 elementor-align-center elementor-widget elementor-widget-button\" data-id=\"51169d8\" data-element_type=\"widget\" data-widget_type=\"button.default\">\n\t\t\t\t\t\t\t\t\t\t<a class=\"elementor-button elementor-button-link elementor-size-sm\" href=\"https:\/\/vakantiehoeve-breathe-nature.be\/de\/reserveren\/\">\n\t\t\t\t\t\t<span class=\"elementor-button-content-wrapper\">\n\t\t\t\t\t\t\t\t\t<span class=\"elementor-button-text\">Buchung<\/span>\n\t\t\t\t\t<\/span>\n\t\t\t\t\t<\/a>\n\t\t\t\t\t\t\t\t<\/div>\n\t\t\t\t<div class=\"elementor-element elementor-element-000d184 elementor-widget elementor-widget-spacer\" data-id=\"000d184\" data-element_type=\"widget\" data-widget_type=\"spacer.default\">\n\t\t\t\t\t\t\t<div class=\"elementor-spacer\">\n\t\t\t<div class=\"elementor-spacer-inner\"><\/div>\n\t\t<\/div>\n\t\t\t\t\t\t<\/div>\n\t\t\t\t\t<\/div>\n\t\t\t\t<\/div>\n\t\t\t\t<\/div>","protected":false},"excerpt":{"rendered":"<p>Activiteiten Activiteiten &amp; Faciliteitenin en rond de Vakantiehoeve in Lochristi Tijdens je verblijf in onze vakantiehoeve in Lochristi geniet je van tal van faciliteiten, ontspanningsmogelijkheden en activiteiten. Zowel in de hoeve zelf als in de omgeving vind je alles voor een ontspannen, actieve of gezellige vakantie. Reserveren Steden, dorpen en voorzieningen in de buurt. Ontdek [&hellip;]<\/p>","protected":false},"author":1,"featured_media":0,"parent":0,"menu_order":0,"comment_status":"closed","ping_status":"closed","template":"elementor_header_footer","meta":{"footnotes":""},"class_list":["post-830","page","type-page","status-publish","hentry"],"_links":{"self":[{"href":"https:\/\/vakantiehoeve-breathe-nature.be\/de\/wp-json\/wp\/v2\/pages\/830","targetHints":{"allow":["GET"]}}],"collection":[{"href":"https:\/\/vakantiehoeve-breathe-nature.be\/de\/wp-json\/wp\/v2\/pages"}],"about":[{"href":"https:\/\/vakantiehoeve-breathe-nature.be\/de\/wp-json\/wp\/v2\/types\/page"}],"author":[{"embeddable":true,"href":"https:\/\/vakantiehoeve-breathe-nature.be\/de\/wp-json\/wp\/v2\/users\/1"}],"replies":[{"embeddable":true,"href":"https:\/\/vakantiehoeve-breathe-nature.be\/de\/wp-json\/wp\/v2\/comments?post=830"}],"version-history":[{"count":139,"href":"https:\/\/vakantiehoeve-breathe-nature.be\/de\/wp-json\/wp\/v2\/pages\/830\/revisions"}],"predecessor-version":[{"id":1333,"href":"https:\/\/vakantiehoeve-breathe-nature.be\/de\/wp-json\/wp\/v2\/pages\/830\/revisions\/1333"}],"wp:attachment":[{"href":"https:\/\/vakantiehoeve-breathe-nature.be\/de\/wp-json\/wp\/v2\/media?parent=830"}],"curies":[{"name":"wp","href":"https:\/\/api.w.org\/{rel}","templated":true}]}}